{"id":339,"date":"2023-05-31T20:36:43","date_gmt":"2023-05-31T18:36:43","guid":{"rendered":"https:\/\/connexion.mmsland.fr\/mms\/?page_id=339"},"modified":"2023-06-14T21:02:21","modified_gmt":"2023-06-14T19:02:21","slug":"mot-de-passe","status":"publish","type":"page","link":"https:\/\/connexion.mmsland.fr\/mms\/index.php\/mot-de-passe\/","title":{"rendered":"Mot de Passe"},"content":{"rendered":"\t\t<div data-elementor-type=\"wp-page\" data-elementor-id=\"339\" class=\"elementor elementor-339\" data-elementor-post-type=\"page\">\n\t\t\t\t\t\t<section class=\"elementor-section elementor-top-section elementor-element elementor-element-524ae38e elementor-section-height-min-height elementor-section-boxed elementor-section-height-default elementor-section-items-middle\" data-id=\"524ae38e\" data-element_type=\"section\" data-settings=\"{&quot;background_background&quot;:&quot;classic&quot;}\">\n\t\t\t\t\t\t\t<div class=\"elementor-background-overlay\"><\/div>\n\t\t\t\t\t\t\t<div class=\"elementor-container elementor-column-gap-default\">\n\t\t\t\t\t<div class=\"elementor-column elementor-col-100 elementor-top-column elementor-element elementor-element-6840c4ce\" data-id=\"6840c4ce\" data-element_type=\"column\">\n\t\t\t<div class=\"elementor-widget-wrap elementor-element-populated\">\n\t\t\t\t\t\t<div class=\"elementor-element elementor-element-64ea8d53 elementor-widget elementor-widget-spacer\" data-id=\"64ea8d53\" data-element_type=\"widget\" data-widget_type=\"spacer.default\">\n\t\t\t\t<div class=\"elementor-widget-container\">\n\t\t\t<style>\/*! elementor - v3.21.0 - 20-05-2024 *\/\n.elementor-column .elementor-spacer-inner{height:var(--spacer-size)}.e-con{--container-widget-width:100%}.e-con-inner>.elementor-widget-spacer,.e-con>.elementor-widget-spacer{width:var(--container-widget-width,var(--spacer-size));--align-self:var(--container-widget-align-self,initial);--flex-shrink:0}.e-con-inner>.elementor-widget-spacer>.elementor-widget-container,.e-con>.elementor-widget-spacer>.elementor-widget-container{height:100%;width:100%}.e-con-inner>.elementor-widget-spacer>.elementor-widget-container>.elementor-spacer,.e-con>.elementor-widget-spacer>.elementor-widget-container>.elementor-spacer{height:100%}.e-con-inner>.elementor-widget-spacer>.elementor-widget-container>.elementor-spacer>.elementor-spacer-inner,.e-con>.elementor-widget-spacer>.elementor-widget-container>.elementor-spacer>.elementor-spacer-inner{height:var(--container-widget-height,var(--spacer-size))}.e-con-inner>.elementor-widget-spacer.elementor-widget-empty,.e-con>.elementor-widget-spacer.elementor-widget-empty{position:relative;min-height:22px;min-width:22px}.e-con-inner>.elementor-widget-spacer.elementor-widget-empty .elementor-widget-empty-icon,.e-con>.elementor-widget-spacer.elementor-widget-empty .elementor-widget-empty-icon{position:absolute;top:0;bottom:0;left:0;right:0;margin:auto;padding:0;width:22px;height:22px}<\/style>\t\t<div class=\"elementor-spacer\">\n\t\t\t<div class=\"elementor-spacer-inner\"><\/div>\n\t\t<\/div>\n\t\t\t\t<\/div>\n\t\t\t\t<\/div>\n\t\t\t\t<div class=\"elementor-element elementor-element-61819ab4 elementor-widget__width-initial elementor-widget elementor-widget-jkit_post_title\" data-id=\"61819ab4\" data-element_type=\"widget\" data-widget_type=\"jkit_post_title.default\">\n\t\t\t\t<div class=\"elementor-widget-container\">\n\t\t\t<div  class=\"jeg-elementor-kit jkit-post-title jeg_module___69d67086ea9dc\" ><h2 class=\"post-title style-color \">Mot de Passe<\/h2><\/div>\t\t<\/div>\n\t\t\t\t<\/div>\n\t\t\t\t\t<\/div>\n\t\t<\/div>\n\t\t\t\t\t<\/div>\n\t\t<\/section>\n\t\t\t\t<section class=\"elementor-section elementor-top-section elementor-element elementor-element-7c58740d elementor-section-boxed elementor-section-height-default elementor-section-height-default\" data-id=\"7c58740d\" data-element_type=\"section\" data-settings=\"{&quot;background_background&quot;:&quot;classic&quot;}\">\n\t\t\t\t\t\t<div class=\"elementor-container elementor-column-gap-default\">\n\t\t\t\t\t<div class=\"elementor-column elementor-col-100 elementor-top-column elementor-element elementor-element-e8e74a4\" data-id=\"e8e74a4\" data-element_type=\"column\">\n\t\t\t<div class=\"elementor-widget-wrap elementor-element-populated\">\n\t\t\t\t\t\t<div class=\"elementor-element elementor-element-1cc16135 elementor-widget elementor-widget-heading\" data-id=\"1cc16135\" data-element_type=\"widget\" data-widget_type=\"heading.default\">\n\t\t\t\t<div class=\"elementor-widget-container\">\n\t\t\t<style>\/*! elementor - v3.21.0 - 20-05-2024 *\/\n.elementor-heading-title{padding:0;margin:0;line-height:1}.elementor-widget-heading .elementor-heading-title[class*=elementor-size-]>a{color:inherit;font-size:inherit;line-height:inherit}.elementor-widget-heading .elementor-heading-title.elementor-size-small{font-size:15px}.elementor-widget-heading .elementor-heading-title.elementor-size-medium{font-size:19px}.elementor-widget-heading .elementor-heading-title.elementor-size-large{font-size:29px}.elementor-widget-heading .elementor-heading-title.elementor-size-xl{font-size:39px}.elementor-widget-heading .elementor-heading-title.elementor-size-xxl{font-size:59px}<\/style><h4 class=\"elementor-heading-title elementor-size-default\">Sur cette page, retrouvez tout vos identifiants<b>.<\/b><\/h4>\t\t<\/div>\n\t\t\t\t<\/div>\n\t\t\t\t<div class=\"elementor-element elementor-element-2dcc2c6a elementor-widget elementor-widget-heading\" data-id=\"2dcc2c6a\" data-element_type=\"widget\" data-widget_type=\"heading.default\">\n\t\t\t\t<div class=\"elementor-widget-container\">\n\t\t\t<h5 class=\"elementor-heading-title elementor-size-default\"><div _ngcontent-serverapp-c73=\"\" class=\"speller-box full-screen\"><div _ngcontent-serverapp-c73=\"\" class=\"speller-box__main-content main-content\"><div _ngcontent-serverapp-c73=\"\" class=\"speller-box__wrapper speller-box__wrapper_no-bottom-margin\"><div _ngcontent-serverapp-c73=\"\" class=\"speller-box__speller\"><div _ngcontent-serverapp-c73=\"\" class=\"speller-box__block__container__speller\"><div _ngcontent-serverapp-c73=\"\" class=\"ngx-speller\"><div _ngcontent-serverapp-c73=\"\" class=\"speller-box__input__resize-container\"><div _ngcontent-serverapp-c89=\"\" class=\"corrected-text ng-star-inserted\"><div _ngcontent-serverapp-c89=\"\" class=\"corrected-text__text\" style=\"font-size: 20px; line-height: 32px;\"><div _ngcontent-serverapp-c89=\"\" class=\"corrected-text__text-detail\"><div _ngcontent-serverapp-c89=\"\" id=\"textResult\"><span _ngcontent-serverapp-c88=\"\" class=\"corrected-phrase corrected-phrase_synonyms-mode ng-star-inserted\" data-end=\"4\" data-originaltext=\"Voici\" data-start=\"0\" data-text=\"\"><span _ngcontent-serverapp-c88=\"\" class=\"corrected-phrase__displayed-text corrected-phrase__displayed-text_no-correction corrected-phrase__displayed-text_synonyms-mode ng-star-inserted\">Voici<\/span><\/span><span _ngcontent-serverapp-c88=\"\" class=\"corrected-phrase ng-star-inserted\" data-end=\"5\" data-originaltext=\" \" data-start=\"5\" data-text=\"\"><span _ngcontent-serverapp-c88=\"\" class=\"corrected-phrase__displayed-text corrected-phrase__displayed-text_no-correction ng-star-inserted\"> <\/span><\/span><span _ngcontent-serverapp-c88=\"\" class=\"corrected-phrase corrected-phrase_synonyms-mode ng-star-inserted\" data-end=\"7\" data-originaltext=\"la\" data-start=\"6\" data-text=\"\"><span _ngcontent-serverapp-c88=\"\" class=\"corrected-phrase__displayed-text corrected-phrase__displayed-text_no-correction corrected-phrase__displayed-text_synonyms-mode ng-star-inserted\">la<\/span><\/span><span _ngcontent-serverapp-c88=\"\" class=\"corrected-phrase ng-star-inserted\" data-end=\"8\" data-originaltext=\" \" data-start=\"8\" data-text=\"\"><span _ngcontent-serverapp-c88=\"\" class=\"corrected-phrase__displayed-text corrected-phrase__displayed-text_no-correction ng-star-inserted\"> <\/span><\/span><span _ngcontent-serverapp-c88=\"\" class=\"corrected-phrase corrected-phrase_synonyms-mode ng-star-inserted\" data-end=\"13\" data-originaltext=\"liste\" data-start=\"9\" data-text=\"\"><span _ngcontent-serverapp-c88=\"\" class=\"corrected-phrase__displayed-text corrected-phrase__displayed-text_no-correction corrected-phrase__displayed-text_synonyms-mode ng-star-inserted\">liste<\/span><\/span><span _ngcontent-serverapp-c88=\"\" class=\"corrected-phrase ng-star-inserted\" data-end=\"14\" data-originaltext=\" \" data-start=\"14\" data-text=\"\"><span _ngcontent-serverapp-c88=\"\" class=\"corrected-phrase__displayed-text corrected-phrase__displayed-text_no-correction ng-star-inserted\"> <\/span><\/span><span _ngcontent-serverapp-c88=\"\" class=\"corrected-phrase corrected-phrase_synonyms-mode ng-star-inserted\" data-end=\"16\" data-originaltext=\"de\" data-start=\"15\" data-text=\"\"><span _ngcontent-serverapp-c88=\"\" class=\"corrected-phrase__displayed-text corrected-phrase__displayed-text_no-correction corrected-phrase__displayed-text_synonyms-mode ng-star-inserted\">de<\/span><\/span><span _ngcontent-serverapp-c88=\"\" class=\"corrected-phrase ng-star-inserted\" data-end=\"17\" data-originaltext=\" \" data-start=\"17\" data-text=\"\"><span _ngcontent-serverapp-c88=\"\" class=\"corrected-phrase__displayed-text corrected-phrase__displayed-text_no-correction ng-star-inserted\"> <\/span><\/span><span _ngcontent-serverapp-c88=\"\" class=\"corrected-phrase corrected-phrase_synonyms-mode ng-star-inserted\" data-end=\"20\" data-originaltext=\"vos\" data-start=\"18\" data-text=\"\"><span _ngcontent-serverapp-c88=\"\" class=\"corrected-phrase__displayed-text corrected-phrase__displayed-text_no-correction corrected-phrase__displayed-text_synonyms-mode ng-star-inserted\">vos<\/span><\/span><span _ngcontent-serverapp-c88=\"\" class=\"corrected-phrase ng-star-inserted\" data-end=\"21\" data-originaltext=\" \" data-start=\"21\" data-text=\"\"><span _ngcontent-serverapp-c88=\"\" class=\"corrected-phrase__displayed-text corrected-phrase__displayed-text_no-correction ng-star-inserted\"> <\/span><\/span><span _ngcontent-serverapp-c88=\"\" class=\"corrected-phrase corrected-phrase_synonyms-mode ng-star-inserted\" data-end=\"33\" data-originaltext=\"identifiants\" data-start=\"22\" data-text=\"\"><span _ngcontent-serverapp-c88=\"\" class=\"corrected-phrase__displayed-text corrected-phrase__displayed-text_no-correction corrected-phrase__displayed-text_synonyms-mode ng-star-inserted\">identifiants<\/span><\/span><span _ngcontent-serverapp-c88=\"\" class=\"corrected-phrase ng-star-inserted\" data-end=\"34\" data-originaltext=\" \" data-start=\"34\" data-text=\"\"><span _ngcontent-serverapp-c88=\"\" class=\"corrected-phrase__displayed-text corrected-phrase__displayed-text_no-correction ng-star-inserted\"> <\/span><\/span><span _ngcontent-serverapp-c88=\"\" class=\"corrected-phrase ng-star-inserted\" data-end=\"42\" data-originaltext=\"des site\" data-start=\"35\" data-text=\"des sites\"><span _ngcontent-serverapp-c87=\"\" class=\"corrected-phrase__displayed-text corrected-phrase__displayed-text_bubbled\" data-group=\"AutoCorrected\" data-suggestions=\"1\" data-type=\"Grammar\">des sites<\/span><\/span><span _ngcontent-serverapp-c88=\"\" class=\"corrected-phrase ng-star-inserted\" data-end=\"43\" data-originaltext=\" \" data-start=\"43\" data-text=\"\"><span _ngcontent-serverapp-c88=\"\" class=\"corrected-phrase__displayed-text corrected-phrase__displayed-text_no-correction ng-star-inserted\"> <\/span><\/span><span _ngcontent-serverapp-c88=\"\" class=\"corrected-phrase corrected-phrase_synonyms-mode ng-star-inserted\" data-end=\"46\" data-originaltext=\"sur\" data-start=\"44\" data-text=\"\"><span _ngcontent-serverapp-c88=\"\" class=\"corrected-phrase__displayed-text corrected-phrase__displayed-text_no-correction corrected-phrase__displayed-text_synonyms-mode ng-star-inserted\">sur<\/span><\/span><span _ngcontent-serverapp-c88=\"\" class=\"corrected-phrase ng-star-inserted\" data-end=\"47\" data-originaltext=\" \" data-start=\"47\" data-text=\"\"><span _ngcontent-serverapp-c88=\"\" class=\"corrected-phrase__displayed-text corrected-phrase__displayed-text_no-correction ng-star-inserted\"> <\/span><\/span><span _ngcontent-serverapp-c88=\"\" class=\"corrected-phrase ng-star-inserted\" data-end=\"54\" data-originaltext=\"lequels\" data-start=\"48\" data-text=\"\"><span _ngcontent-serverapp-c87=\"\" class=\"corrected-phrase__displayed-text corrected-phrase__displayed-text_bubbled corrected-phrase__displayed-text_picked-from-suggested\" data-group=\"Mistake\" data-suggestions=\"3\" data-type=\"Spelling\">lesquels<\/span><\/span><span _ngcontent-serverapp-c88=\"\" class=\"corrected-phrase ng-star-inserted\" data-end=\"55\" data-originaltext=\" \" data-start=\"55\" data-text=\"\"><span _ngcontent-serverapp-c88=\"\" class=\"corrected-phrase__displayed-text corrected-phrase__displayed-text_no-correction ng-star-inserted\"> <\/span><\/span><span _ngcontent-serverapp-c88=\"\" class=\"corrected-phrase corrected-phrase_synonyms-mode ng-star-inserted\" data-end=\"59\" data-originaltext=\"vous\" data-start=\"56\" data-text=\"\"><span _ngcontent-serverapp-c88=\"\" class=\"corrected-phrase__displayed-text corrected-phrase__displayed-text_no-correction corrected-phrase__displayed-text_synonyms-mode ng-star-inserted\">vous<\/span><\/span><span _ngcontent-serverapp-c88=\"\" class=\"corrected-phrase ng-star-inserted\" data-end=\"60\" data-originaltext=\" \" data-start=\"60\" data-text=\"\"><span _ngcontent-serverapp-c88=\"\" class=\"corrected-phrase__displayed-text corrected-phrase__displayed-text_no-correction ng-star-inserted\"> <\/span><\/span><span _ngcontent-serverapp-c88=\"\" class=\"corrected-phrase corrected-phrase_synonyms-mode ng-star-inserted\" data-end=\"64\" data-originaltext=\"vous\" data-start=\"61\" data-text=\"\"><span _ngcontent-serverapp-c88=\"\" class=\"corrected-phrase__displayed-text corrected-phrase__displayed-text_no-correction corrected-phrase__displayed-text_synonyms-mode ng-star-inserted\">vous<\/span><\/span><span _ngcontent-serverapp-c88=\"\" class=\"corrected-phrase ng-star-inserted\" data-end=\"65\" data-originaltext=\" \" data-start=\"65\" data-text=\"\"><span _ngcontent-serverapp-c88=\"\" class=\"corrected-phrase__displayed-text corrected-phrase__displayed-text_no-correction ng-star-inserted\"> <\/span><\/span><span _ngcontent-serverapp-c88=\"\" class=\"corrected-phrase corrected-phrase_synonyms-mode ng-star-inserted\" data-end=\"69\" data-originaltext=\"\u00eates\" data-start=\"66\" data-text=\"\"><span _ngcontent-serverapp-c88=\"\" class=\"corrected-phrase__displayed-text corrected-phrase__displayed-text_no-correction corrected-phrase__displayed-text_synonyms-mode ng-star-inserted\">\u00eates<\/span><\/span><span _ngcontent-serverapp-c88=\"\" class=\"corrected-phrase ng-star-inserted\" data-end=\"70\" data-originaltext=\" \" data-start=\"70\" data-text=\"\"><span _ngcontent-serverapp-c88=\"\" class=\"corrected-phrase__displayed-text corrected-phrase__displayed-text_no-correction ng-star-inserted\"> <\/span><\/span><span _ngcontent-serverapp-c88=\"\" class=\"corrected-phrase corrected-phrase_synonyms-mode ng-star-inserted\" data-end=\"77\" data-originaltext=\"inscrit\" data-start=\"71\" data-text=\"\"><span _ngcontent-serverapp-c88=\"\" class=\"corrected-phrase__displayed-text corrected-phrase__displayed-text_no-correction corrected-phrase__displayed-text_synonyms-mode ng-star-inserted\">inscrit<\/span><\/span><span _ngcontent-serverapp-c88=\"\" class=\"corrected-phrase ng-star-inserted\" data-end=\"78\" data-originaltext=\".\" data-start=\"78\" data-text=\"\"><span _ngcontent-serverapp-c88=\"\" class=\"corrected-phrase__displayed-text corrected-phrase__displayed-text_no-correction ng-star-inserted\">.<\/span><\/span><span _ngcontent-serverapp-c88=\"\" class=\"corrected-phrase ng-star-inserted\" data-end=\"79\" data-originaltext=\"\" data-start=\"79\" data-text=\"\"><span _ngcontent-serverapp-c88=\"\" class=\"corrected-phrase__displayed-text corrected-phrase__displayed-text_no-correction ng-star-inserted\"><\/span><\/span><\/div><\/div><\/div><\/div><\/div><\/div><\/div><\/div><\/div><\/div><\/div><\/h5>\t\t<\/div>\n\t\t\t\t<\/div>\n\t\t\t\t<div class=\"elementor-element elementor-element-609a63e6 elementor-widget elementor-widget-heading\" data-id=\"609a63e6\" data-element_type=\"widget\" data-widget_type=\"heading.default\">\n\t\t\t\t<div class=\"elementor-widget-container\">\n\t\t\t<h2 class=\"elementor-heading-title elementor-size-default\">Vos ID :<\/h2>\t\t<\/div>\n\t\t\t\t<\/div>\n\t\t<!-- hidden widget -->\t\t<section class=\"elementor-section elementor-inner-section elementor-element elementor-element-afacc30 elementor-section-boxed elementor-section-height-default elementor-section-height-default\" data-id=\"afacc30\" data-element_type=\"section\">\n\t\t\t\t\t\t<div class=\"elementor-container elementor-column-gap-default\">\n\t\t\t<!-- hidden column --><!-- hidden column --><!-- hidden column -->\t\t\t<\/div>\n\t\t<\/section>\n\t\t\t\t<div class=\"elementor-element elementor-element-4efe675 elementor-widget elementor-widget-spacer\" data-id=\"4efe675\" data-element_type=\"widget\" data-widget_type=\"spacer.default\">\n\t\t\t\t<div class=\"elementor-widget-container\">\n\t\t\t\t\t<div class=\"elementor-spacer\">\n\t\t\t<div class=\"elementor-spacer-inner\"><\/div>\n\t\t<\/div>\n\t\t\t\t<\/div>\n\t\t\t\t<\/div>\n\t\t\t\t<div class=\"elementor-element elementor-element-58b8514 elementor-view-default elementor-widget elementor-widget-icon\" data-id=\"58b8514\" data-element_type=\"widget\" data-widget_type=\"icon.default\">\n\t\t\t\t<div class=\"elementor-widget-container\">\n\t\t\t\t\t<div class=\"elementor-icon-wrapper\">\n\t\t\t<div class=\"elementor-icon\">\n\t\t\t<i aria-hidden=\"true\" class=\"fas fa-exclamation-triangle\"><\/i>\t\t\t<\/div>\n\t\t<\/div>\n\t\t\t\t<\/div>\n\t\t\t\t<\/div>\n\t\t\t\t<div class=\"elementor-element elementor-element-4a456268 elementor-widget elementor-widget-heading\" data-id=\"4a456268\" data-element_type=\"widget\" data-widget_type=\"heading.default\">\n\t\t\t\t<div class=\"elementor-widget-container\">\n\t\t\t<h5 class=\"elementor-heading-title elementor-size-default\">Si vous ne voyez pas apparaitre un identifiant, c'est que vous n'\u00eates pas inscrit \u00e0 celui-ci, si vous en avez besoin, Contact\u00e9 Mathi.<\/h5>\t\t<\/div>\n\t\t\t\t<\/div>\n\t\t\t\t\t<\/div>\n\t\t<\/div>\n\t\t\t\t\t<\/div>\n\t\t<\/section>\n\t\t\t\t<\/div>\n\t\t","protected":false},"excerpt":{"rendered":"<p>Mot de Passe Sur cette page, retrouvez tout vos identifiants. Voici la liste de vos identifiants des sites sur lesquels vous vous \u00eates inscrit. Vos ID : Ce qui suis est la liste des IDENTIFIANTS et MDP des boulets \ud83d\ude1b &#8211; PS: ce message s&rsquo;autod\u00e9truira dans les , ha non juste visible par les admins [&hellip;]<\/p>\n","protected":false},"author":2,"featured_media":0,"parent":0,"menu_order":0,"comment_status":"closed","ping_status":"closed","template":"","meta":{"_acf_changed":false,"footnotes":""},"class_list":["post-339","page","type-page","status-publish","hentry"],"acf":[],"_links":{"self":[{"href":"https:\/\/connexion.mmsland.fr\/mms\/index.php\/wp-json\/wp\/v2\/pages\/339","targetHints":{"allow":["GET"]}}],"collection":[{"href":"https:\/\/connexion.mmsland.fr\/mms\/index.php\/wp-json\/wp\/v2\/pages"}],"about":[{"href":"https:\/\/connexion.mmsland.fr\/mms\/index.php\/wp-json\/wp\/v2\/types\/page"}],"author":[{"embeddable":true,"href":"https:\/\/connexion.mmsland.fr\/mms\/index.php\/wp-json\/wp\/v2\/users\/2"}],"replies":[{"embeddable":true,"href":"https:\/\/connexion.mmsland.fr\/mms\/index.php\/wp-json\/wp\/v2\/comments?post=339"}],"version-history":[{"count":134,"href":"https:\/\/connexion.mmsland.fr\/mms\/index.php\/wp-json\/wp\/v2\/pages\/339\/revisions"}],"predecessor-version":[{"id":825,"href":"https:\/\/connexion.mmsland.fr\/mms\/index.php\/wp-json\/wp\/v2\/pages\/339\/revisions\/825"}],"wp:attachment":[{"href":"https:\/\/connexion.mmsland.fr\/mms\/index.php\/wp-json\/wp\/v2\/media?parent=339"}],"curies":[{"name":"wp","href":"https:\/\/api.w.org\/{rel}","templated":true}]}}